{"id":1870,"date":"2025-11-27T23:10:35","date_gmt":"2025-11-28T02:10:35","guid":{"rendered":"https:\/\/kampfarquitetura.com.br\/?page_id=1870"},"modified":"2026-03-10T14:12:43","modified_gmt":"2026-03-10T17:12:43","slug":"projetos","status":"publish","type":"page","link":"https:\/\/kampfarquitetura.com.br\/en\/projetos\/","title":{"rendered":"Projetos"},"content":{"rendered":"<a href=\"https:\/\/kampfarquitetura.com.br\/en\/arquiteto-jose-marinho\/\" title=\"View Box Content\" target=\"_self\"  aria-label=\"Post Element\"><\/a>\t\t\n\t\t\t\t\t\t\t\t\t\t\t\t\t\t<a href=\"https:\/\/kampfarquitetura.com.br\/en\/arquiteto-jose-marinho\/\" target=\"_self\" title=\"ARCHITIZER VISION AWARDS, Honoring the World\u00b4s Best Architectural Concepts, Idea and Imagery\">\n\t\t\t\t<img decoding=\"async\" src=\"https:\/\/kampfarquitetura.com.br\/wp-content\/uploads\/2026\/03\/01-Copia-1-1024x545.jpg\" alt=\"\" \/>\n\t\t\t\t<\/a>\n\t\t<a href=\"https:\/\/kampfarquitetura.com.br\/en\/due-linear\/\" title=\"View Box Content\" target=\"_self\"  aria-label=\"Post Element\"><\/a>\t\t\n\t\t\t\t\t\t\t\t\t\t\t\t\t\t<a href=\"https:\/\/kampfarquitetura.com.br\/en\/due-linear\/\" target=\"_self\" title=\"DUO LINEAR\">\n\t\t\t\t<img decoding=\"async\" src=\"https:\/\/kampfarquitetura.com.br\/wp-content\/uploads\/2026\/02\/P1190368-HDR-1-scaled.jpg\" alt=\"\" \/>\n\t\t\t\t<\/a>\n\t\t<a href=\"https:\/\/kampfarquitetura.com.br\/en\/living-botafogo\/\" title=\"View Box Content\" target=\"_self\"  aria-label=\"Post Element\"><\/a>\t\t\n\t\t\t\t\t\t\t\t\t\t\t\t\t\t<a href=\"https:\/\/kampfarquitetura.com.br\/en\/living-botafogo\/\" target=\"_self\" title=\"INTIMATE ROOM\">\n\t\t\t\t<img decoding=\"async\" src=\"https:\/\/kampfarquitetura.com.br\/wp-content\/uploads\/2026\/02\/IMG_7770-HDR-8-1024x683.jpeg\" alt=\"\" \/>\n\t\t\t\t<\/a>\n\t\t<a href=\"https:\/\/kampfarquitetura.com.br\/en\/living-niteroi\/\" title=\"View Box Content\" target=\"_self\"  aria-label=\"Post Element\"><\/a>\t\t\n\t\t\t\t\t\t\t\t\t\t\t\t\t\t<a href=\"https:\/\/kampfarquitetura.com.br\/en\/living-niteroi\/\" target=\"_self\" title=\"LIVING\">\n\t\t\t\t<img decoding=\"async\" src=\"https:\/\/kampfarquitetura.com.br\/wp-content\/uploads\/2026\/02\/P1130036-HDR-1024x769.jpg\" alt=\"\" \/>\n\t\t\t\t<\/a>\n\t\t<a href=\"https:\/\/kampfarquitetura.com.br\/en\/torre-niemeyer-360-3\/\" title=\"View Box Content\" target=\"_self\"  aria-label=\"Post Element\"><\/a>\t\t\n\t\t\t\t\t\t\t\t\t\t\t\t\t\t<a href=\"https:\/\/kampfarquitetura.com.br\/en\/torre-niemeyer-360-3\/\" target=\"_self\" title=\"STUDIO GREEN\">\n\t\t\t\t<img decoding=\"async\" src=\"https:\/\/kampfarquitetura.com.br\/wp-content\/uploads\/2026\/01\/3-3-1024x576.jpg\" alt=\"\" \/>\n\t\t\t\t<\/a>\n\t\t<a href=\"https:\/\/kampfarquitetura.com.br\/en\/torre-niemeyer-360-1\/\" title=\"View Box Content\" target=\"_self\"  aria-label=\"Post Element\"><\/a>\t\t\n\t\t\t\t\t\t\t\t\t\t\t\t\t\t<a href=\"https:\/\/kampfarquitetura.com.br\/en\/torre-niemeyer-360-1\/\" target=\"_self\" title=\"STUDIO\">\n\t\t\t\t<img decoding=\"async\" src=\"https:\/\/kampfarquitetura.com.br\/wp-content\/uploads\/2026\/01\/15-1024x576.jpg\" alt=\"\" \/>\n\t\t\t\t<\/a>\n\t\t<a href=\"https:\/\/kampfarquitetura.com.br\/en\/torre-niemeyer-360-2\/\" title=\"View Box Content\" target=\"_self\"  aria-label=\"Post Element\"><\/a>\t\t\n\t\t\t\t\t\t\t\t\t\t\t\t\t\t<a href=\"https:\/\/kampfarquitetura.com.br\/en\/torre-niemeyer-360-2\/\" target=\"_self\" title=\"STUDIO BROWN\">\n\t\t\t\t<img decoding=\"async\" src=\"https:\/\/kampfarquitetura.com.br\/wp-content\/uploads\/2026\/01\/screenshot-121658x7w-1-1-1024x576.jpg\" alt=\"\" \/>\n\t\t\t\t<\/a>\n\t\t<a href=\"https:\/\/kampfarquitetura.com.br\/en\/apartamento-leonardo\/\" title=\"View Box Content\" target=\"_self\"  aria-label=\"Post Element\"><\/a>\t\t\n\t\t\t\t\t\t\t\t\t\t\t\t\t\t<a href=\"https:\/\/kampfarquitetura.com.br\/en\/apartamento-leonardo\/\" target=\"_self\" title=\"ATELIER RESIDENCE\">\n\t\t\t\t<img decoding=\"async\" src=\"https:\/\/kampfarquitetura.com.br\/wp-content\/uploads\/2026\/02\/WhatsApp-Image-2025-11-18-at-20.35.41-10-1024x641.jpeg\" alt=\"\" \/>\n\t\t\t\t<\/a>\n\t\t<a href=\"https:\/\/kampfarquitetura.com.br\/en\/apartamento-patricia-e-nininho\/\" title=\"View Box Content\" target=\"_self\"  aria-label=\"Post Element\"><\/a>\t\t\n\t\t\t\t\t\t\t\t\t\t\t\t\t\t<a href=\"https:\/\/kampfarquitetura.com.br\/en\/apartamento-patricia-e-nininho\/\" target=\"_self\" title=\"PENTHOUSE\">\n\t\t\t\t<img decoding=\"async\" src=\"https:\/\/kampfarquitetura.com.br\/wp-content\/uploads\/2026\/01\/WhatsApp-Image-2026-01-08-at-23.25.51-1-3-1024x572.jpeg\" alt=\"\" \/>\n\t\t\t\t<\/a>\n\t\t<a href=\"https:\/\/kampfarquitetura.com.br\/en\/ap-minimal\/\" title=\"View Box Content\" target=\"_self\"  aria-label=\"Post Element\"><\/a>\t\t\n\t\t\t\t\t\t\t\t\t\t\t\t\t\t<a href=\"https:\/\/kampfarquitetura.com.br\/en\/ap-minimal\/\" target=\"_self\" title=\"ESSENTIAL APARTMENT\">\n\t\t\t\t<img decoding=\"async\" src=\"https:\/\/kampfarquitetura.com.br\/wp-content\/uploads\/2026\/02\/APTO-MARINHO_R01-05-1024x1022.jpg\" alt=\"\" \/>\n\t\t\t\t<\/a>","protected":false},"excerpt":{"rendered":"","protected":false},"author":1,"featured_media":0,"parent":0,"menu_order":0,"comment_status":"closed","ping_status":"closed","template":"","meta":{"site-sidebar-layout":"default","site-content-layout":"page-builder","ast-site-content-layout":"default","site-content-style":"default","site-sidebar-style":"default","ast-global-header-display":"","ast-banner-title-visibility":"","ast-main-header-display":"","ast-hfb-above-header-display":"","ast-hfb-below-header-display":"","ast-hfb-mobile-header-display":"","site-post-title":"disabled","ast-breadcrumbs-content":"","ast-featured-img":"","footer-sml-layout":"","ast-disable-related-posts":"","theme-transparent-header-meta":"default","adv-header-id-meta":"","stick-header-meta":"default","header-above-stick-meta":"","header-main-stick-meta":"","header-below-stick-meta":"","astra-migrate-meta-layouts":"set","ast-page-background-enabled":"default","ast-page-background-meta":{"desktop":{"background-color":"","background-image":"","background-repeat":"repeat","background-position":"center center","background-size":"auto","background-attachment":"scroll","background-type":"","background-media":"","overlay-type":"","overlay-color":"","overlay-opacity":"","overlay-gradient":""},"tablet":{"background-color":"","background-image":"","background-repeat":"repeat","background-position":"center center","background-size":"auto","background-attachment":"scroll","background-type":"","background-media":"","overlay-type":"","overlay-color":"","overlay-opacity":"","overlay-gradient":""},"mobile":{"background-color":"","background-image":"","background-repeat":"repeat","background-position":"center center","background-size":"auto","background-attachment":"scroll","background-type":"","background-media":"","overlay-type":"","overlay-color":"","overlay-opacity":"","overlay-gradient":""}},"ast-content-background-meta":{"desktop":{"background-color":"var(--ast-global-color-5)","background-image":"","background-repeat":"repeat","background-position":"center center","background-size":"auto","background-attachment":"scroll","background-type":"","background-media":"","overlay-type":"","overlay-color":"","overlay-opacity":"","overlay-gradient":""},"tablet":{"background-color":"var(--ast-global-color-5)","background-image":"","background-repeat":"repeat","background-position":"center center","background-size":"auto","background-attachment":"scroll","background-type":"","background-media":"","overlay-type":"","overlay-color":"","overlay-opacity":"","overlay-gradient":""},"mobile":{"background-color":"var(--ast-global-color-5)","background-image":"","background-repeat":"repeat","background-position":"center center","background-size":"auto","background-attachment":"scroll","background-type":"","background-media":"","overlay-type":"","overlay-color":"","overlay-opacity":"","overlay-gradient":""}},"footnotes":""},"class_list":["post-1870","page","type-page","status-publish","hentry"],"yoast_head":"<!-- This site is optimized with the Yoast SEO plugin v27.4 - https:\/\/yoast.com\/product\/yoast-seo-wordpress\/ -->\n<title>Projetos &#8226; Kampf Arquitetura<\/title>\n<meta name=\"robots\" content=\"index, follow, max-snippet:-1, max-image-preview:large, max-video-preview:-1\" \/>\n<link rel=\"canonical\" href=\"https:\/\/kampfarquitetura.com.br\/en\/projetos\/\" \/>\n<meta property=\"og:locale\" content=\"en_US\" \/>\n<meta property=\"og:type\" content=\"article\" \/>\n<meta property=\"og:title\" content=\"Projetos &#8226; Kampf Arquitetura\" \/>\n<meta property=\"og:url\" content=\"https:\/\/kampfarquitetura.com.br\/en\/projetos\/\" \/>\n<meta property=\"og:site_name\" content=\"Kampf Arquitetura\" \/>\n<meta property=\"article:publisher\" content=\"https:\/\/www.facebook.com\/marinho.kampf\" \/>\n<meta property=\"article:modified_time\" content=\"2026-03-10T17:12:43+00:00\" \/>\n<meta property=\"og:image\" content=\"https:\/\/kampfarquitetura.com.br\/wp-content\/uploads\/2026\/03\/01-Copia-1-1024x545.jpg\" \/>\n<meta name=\"twitter:card\" content=\"summary_large_image\" \/>\n<meta name=\"twitter:label1\" content=\"Est. reading time\" \/>\n\t<meta name=\"twitter:data1\" content=\"2 minutes\" \/>\n<script type=\"application\/ld+json\" class=\"yoast-schema-graph\">{\"@context\":\"https:\\\/\\\/schema.org\",\"@graph\":[{\"@type\":\"WebPage\",\"@id\":\"https:\\\/\\\/kampfarquitetura.com.br\\\/projetos\\\/\",\"url\":\"https:\\\/\\\/kampfarquitetura.com.br\\\/projetos\\\/\",\"name\":\"Projetos &#8226; Kampf Arquitetura\",\"isPartOf\":{\"@id\":\"https:\\\/\\\/kampfarquitetura.com.br\\\/#website\"},\"primaryImageOfPage\":{\"@id\":\"https:\\\/\\\/kampfarquitetura.com.br\\\/projetos\\\/#primaryimage\"},\"image\":{\"@id\":\"https:\\\/\\\/kampfarquitetura.com.br\\\/projetos\\\/#primaryimage\"},\"thumbnailUrl\":\"https:\\\/\\\/kampfarquitetura.com.br\\\/wp-content\\\/uploads\\\/2026\\\/03\\\/01-Copia-1-1024x545.jpg\",\"datePublished\":\"2025-11-28T02:10:35+00:00\",\"dateModified\":\"2026-03-10T17:12:43+00:00\",\"breadcrumb\":{\"@id\":\"https:\\\/\\\/kampfarquitetura.com.br\\\/projetos\\\/#breadcrumb\"},\"inLanguage\":\"en-US\",\"potentialAction\":[{\"@type\":\"ReadAction\",\"target\":[\"https:\\\/\\\/kampfarquitetura.com.br\\\/projetos\\\/\"]}]},{\"@type\":\"ImageObject\",\"inLanguage\":\"en-US\",\"@id\":\"https:\\\/\\\/kampfarquitetura.com.br\\\/projetos\\\/#primaryimage\",\"url\":\"https:\\\/\\\/kampfarquitetura.com.br\\\/wp-content\\\/uploads\\\/2026\\\/03\\\/01-Copia-1-1024x545.jpg\",\"contentUrl\":\"https:\\\/\\\/kampfarquitetura.com.br\\\/wp-content\\\/uploads\\\/2026\\\/03\\\/01-Copia-1-1024x545.jpg\"},{\"@type\":\"BreadcrumbList\",\"@id\":\"https:\\\/\\\/kampfarquitetura.com.br\\\/projetos\\\/#breadcrumb\",\"itemListElement\":[{\"@type\":\"ListItem\",\"position\":1,\"name\":\"In\u00edcio\",\"item\":\"https:\\\/\\\/kampfarquitetura.com.br\\\/\"},{\"@type\":\"ListItem\",\"position\":2,\"name\":\"Projetos\"}]},{\"@type\":\"WebSite\",\"@id\":\"https:\\\/\\\/kampfarquitetura.com.br\\\/#website\",\"url\":\"https:\\\/\\\/kampfarquitetura.com.br\\\/\",\"name\":\"Kampf Arquitetura - Projetos Arquitet\u00f4nicos e Gest\u00e3o de Obras\",\"description\":\"Projetos Arquitet\u00f4nicos e Servi\u00e7os de Arquitetura do Arquiteto Jos\u00e9 Marinho\",\"publisher\":{\"@id\":\"https:\\\/\\\/kampfarquitetura.com.br\\\/#organization\"},\"alternateName\":\"Kampf Arquitetura\",\"potentialAction\":[{\"@type\":\"SearchAction\",\"target\":{\"@type\":\"EntryPoint\",\"urlTemplate\":\"https:\\\/\\\/kampfarquitetura.com.br\\\/?s={search_term_string}\"},\"query-input\":{\"@type\":\"PropertyValueSpecification\",\"valueRequired\":true,\"valueName\":\"search_term_string\"}}],\"inLanguage\":\"en-US\"},{\"@type\":\"Organization\",\"@id\":\"https:\\\/\\\/kampfarquitetura.com.br\\\/#organization\",\"name\":\"Kampf Engenharia & Arquitetura. Projetos de Arquitetura e Gerenciamento de Projetos\",\"alternateName\":\"Kampf Arquitetura\",\"url\":\"https:\\\/\\\/kampfarquitetura.com.br\\\/\",\"logo\":{\"@type\":\"ImageObject\",\"inLanguage\":\"en-US\",\"@id\":\"https:\\\/\\\/kampfarquitetura.com.br\\\/#\\\/schema\\\/logo\\\/image\\\/\",\"url\":\"https:\\\/\\\/kampfarquitetura.com.br\\\/wp-content\\\/uploads\\\/2023\\\/05\\\/AF1QipMXGKMusDt8dIANCCCEMQqyzAOKW9gaZeQJfs3Qw1542-h576.png\",\"contentUrl\":\"https:\\\/\\\/kampfarquitetura.com.br\\\/wp-content\\\/uploads\\\/2023\\\/05\\\/AF1QipMXGKMusDt8dIANCCCEMQqyzAOKW9gaZeQJfs3Qw1542-h576.png\",\"width\":1280,\"height\":447,\"caption\":\"Kampf Engenharia & Arquitetura. Projetos de Arquitetura e Gerenciamento de Projetos\"},\"image\":{\"@id\":\"https:\\\/\\\/kampfarquitetura.com.br\\\/#\\\/schema\\\/logo\\\/image\\\/\"},\"sameAs\":[\"https:\\\/\\\/www.facebook.com\\\/marinho.kampf\",\"https:\\\/\\\/www.instagram.com\\\/josemarinhorocha\\\/\"]}]}<\/script>\n<!-- \/ Yoast SEO plugin. -->","yoast_head_json":{"title":"Projetos &#8226; Kampf Arquitetura","robots":{"index":"index","follow":"follow","max-snippet":"max-snippet:-1","max-image-preview":"max-image-preview:large","max-video-preview":"max-video-preview:-1"},"canonical":"https:\/\/kampfarquitetura.com.br\/en\/projetos\/","og_locale":"en_US","og_type":"article","og_title":"Projetos &#8226; Kampf Arquitetura","og_url":"https:\/\/kampfarquitetura.com.br\/en\/projetos\/","og_site_name":"Kampf Arquitetura","article_publisher":"https:\/\/www.facebook.com\/marinho.kampf","article_modified_time":"2026-03-10T17:12:43+00:00","og_image":[{"url":"https:\/\/kampfarquitetura.com.br\/wp-content\/uploads\/2026\/03\/01-Copia-1-1024x545.jpg","type":"","width":"","height":""}],"twitter_card":"summary_large_image","twitter_misc":{"Est. reading time":"2 minutes"},"schema":{"@context":"https:\/\/schema.org","@graph":[{"@type":"WebPage","@id":"https:\/\/kampfarquitetura.com.br\/projetos\/","url":"https:\/\/kampfarquitetura.com.br\/projetos\/","name":"Projetos &#8226; Kampf Arquitetura","isPartOf":{"@id":"https:\/\/kampfarquitetura.com.br\/#website"},"primaryImageOfPage":{"@id":"https:\/\/kampfarquitetura.com.br\/projetos\/#primaryimage"},"image":{"@id":"https:\/\/kampfarquitetura.com.br\/projetos\/#primaryimage"},"thumbnailUrl":"https:\/\/kampfarquitetura.com.br\/wp-content\/uploads\/2026\/03\/01-Copia-1-1024x545.jpg","datePublished":"2025-11-28T02:10:35+00:00","dateModified":"2026-03-10T17:12:43+00:00","breadcrumb":{"@id":"https:\/\/kampfarquitetura.com.br\/projetos\/#breadcrumb"},"inLanguage":"en-US","potentialAction":[{"@type":"ReadAction","target":["https:\/\/kampfarquitetura.com.br\/projetos\/"]}]},{"@type":"ImageObject","inLanguage":"en-US","@id":"https:\/\/kampfarquitetura.com.br\/projetos\/#primaryimage","url":"https:\/\/kampfarquitetura.com.br\/wp-content\/uploads\/2026\/03\/01-Copia-1-1024x545.jpg","contentUrl":"https:\/\/kampfarquitetura.com.br\/wp-content\/uploads\/2026\/03\/01-Copia-1-1024x545.jpg"},{"@type":"BreadcrumbList","@id":"https:\/\/kampfarquitetura.com.br\/projetos\/#breadcrumb","itemListElement":[{"@type":"ListItem","position":1,"name":"In\u00edcio","item":"https:\/\/kampfarquitetura.com.br\/"},{"@type":"ListItem","position":2,"name":"Projetos"}]},{"@type":"WebSite","@id":"https:\/\/kampfarquitetura.com.br\/#website","url":"https:\/\/kampfarquitetura.com.br\/","name":"Kampf Arquitetura - Projetos Arquitet\u00f4nicos e Gest\u00e3o de Obras","description":"Projetos Arquitet\u00f4nicos e Servi\u00e7os de Arquitetura do Arquiteto Jos\u00e9 Marinho","publisher":{"@id":"https:\/\/kampfarquitetura.com.br\/#organization"},"alternateName":"Kampf Arquitetura","potentialAction":[{"@type":"SearchAction","target":{"@type":"EntryPoint","urlTemplate":"https:\/\/kampfarquitetura.com.br\/?s={search_term_string}"},"query-input":{"@type":"PropertyValueSpecification","valueRequired":true,"valueName":"search_term_string"}}],"inLanguage":"en-US"},{"@type":"Organization","@id":"https:\/\/kampfarquitetura.com.br\/#organization","name":"Kampf Engenharia & Arquitetura. Projetos de Arquitetura e Gerenciamento de Projetos","alternateName":"Kampf Arquitetura","url":"https:\/\/kampfarquitetura.com.br\/","logo":{"@type":"ImageObject","inLanguage":"en-US","@id":"https:\/\/kampfarquitetura.com.br\/#\/schema\/logo\/image\/","url":"https:\/\/kampfarquitetura.com.br\/wp-content\/uploads\/2023\/05\/AF1QipMXGKMusDt8dIANCCCEMQqyzAOKW9gaZeQJfs3Qw1542-h576.png","contentUrl":"https:\/\/kampfarquitetura.com.br\/wp-content\/uploads\/2023\/05\/AF1QipMXGKMusDt8dIANCCCEMQqyzAOKW9gaZeQJfs3Qw1542-h576.png","width":1280,"height":447,"caption":"Kampf Engenharia & Arquitetura. Projetos de Arquitetura e Gerenciamento de Projetos"},"image":{"@id":"https:\/\/kampfarquitetura.com.br\/#\/schema\/logo\/image\/"},"sameAs":["https:\/\/www.facebook.com\/marinho.kampf","https:\/\/www.instagram.com\/josemarinhorocha\/"]}]}},"_links":{"self":[{"href":"https:\/\/kampfarquitetura.com.br\/en\/wp-json\/wp\/v2\/pages\/1870","targetHints":{"allow":["GET"]}}],"collection":[{"href":"https:\/\/kampfarquitetura.com.br\/en\/wp-json\/wp\/v2\/pages"}],"about":[{"href":"https:\/\/kampfarquitetura.com.br\/en\/wp-json\/wp\/v2\/types\/page"}],"author":[{"embeddable":true,"href":"https:\/\/kampfarquitetura.com.br\/en\/wp-json\/wp\/v2\/users\/1"}],"replies":[{"embeddable":true,"href":"https:\/\/kampfarquitetura.com.br\/en\/wp-json\/wp\/v2\/comments?post=1870"}],"version-history":[{"count":12,"href":"https:\/\/kampfarquitetura.com.br\/en\/wp-json\/wp\/v2\/pages\/1870\/revisions"}],"predecessor-version":[{"id":3376,"href":"https:\/\/kampfarquitetura.com.br\/en\/wp-json\/wp\/v2\/pages\/1870\/revisions\/3376"}],"wp:attachment":[{"href":"https:\/\/kampfarquitetura.com.br\/en\/wp-json\/wp\/v2\/media?parent=1870"}],"curies":[{"name":"wp","href":"https:\/\/api.w.org\/{rel}","templated":true}]}}