{"id":3274,"date":"2026-03-09T19:01:15","date_gmt":"2026-03-09T22:01:15","guid":{"rendered":"https:\/\/kampfarquitetura.com.br\/?page_id=3274"},"modified":"2026-03-30T12:13:18","modified_gmt":"2026-03-30T15:13:18","slug":"inicial-copy","status":"publish","type":"page","link":"https:\/\/kampfarquitetura.com.br\/en\/","title":{"rendered":"P\u00e1gina Abertura"},"content":{"rendered":"<figure itemscope itemtype=\"https:\/\/schema.org\/ImageObject\">\n\t\t\t\t<a href=\"https:\/\/kampfarquitetura.com.br\/en\/inicial\/\"  target=\"_self\" itemprop=\"url\">\n\t\t\t\t<img decoding=\"async\" src=\"https:\/\/kampfarquitetura.com.br\/wp-content\/uploads\/2023\/05\/Arquitetura-Kampf-Porjtos-Arquiteto-Logo.png\" alt=\"Arquitetura-Kampf-Porjtos-Arquiteto-Logo\" height=\"60\" width=\"161\" title=\"Arquitetura-Kampf-Porjtos-Arquiteto-Logo\" onerror=\"this.style.display='none'\" loading=\"lazy\" \/>\n\t\t\t\t<\/a>\n\t<\/figure>\n\t<p><a href=\"https:\/\/kampfarquitetura.com.br\/en\/projetos\/\">PROJECT\u00a0 <\/a>\u00a0 \u00a0\u00a0 <a href=\"#arquiteto\">ABOUT\u00a0 <\/a>\u00a0 \u00a0 \u00a0<a href=\"#contato\">CONTACT<\/a><\/p>\n<p>&nbsp;<\/p>\n<figure itemscope itemtype=\"https:\/\/schema.org\/ImageObject\">\n\t\t\t\t<img decoding=\"async\" src=\"https:\/\/kampfarquitetura.com.br\/wp-content\/uploads\/2025\/11\/2025-VISION-FINALIST-WHT-300x300.png\" alt=\"2025-VISION-FINALIST-WHT\" height=\"300\" width=\"300\" title=\"2025-VISION-FINALIST-WHT\" onerror=\"this.style.display='none'\" loading=\"lazy\" \/>\n\t<\/figure>\n<figure itemscope itemtype=\"https:\/\/schema.org\/ImageObject\">\n\t\t\t\t<img decoding=\"async\" src=\"https:\/\/kampfarquitetura.com.br\/wp-content\/uploads\/2025\/11\/VisionAwards_LogoFavicon_WHT-300x71.png\" alt=\"VisionAwards_LogoFavicon_WHT\" height=\"71\" width=\"300\" title=\"VisionAwards_LogoFavicon_WHT\" onerror=\"this.style.display='none'\" loading=\"lazy\" \/>\n\t<\/figure>\n<h3  id=\"arquiteto\">\n\t\t\t\t<\/h3>\n\t\t\t<h3>Jos\u00e9 Marinho | Arquiteto Finalista Internacional Architizer A+Awards (Vision Category) Arquiteto Registrado Buildner<\/h3>\t\t\n\t\t\t\t<img decoding=\"async\" src=\"https:\/\/kampfarquitetura.com.br\/wp-content\/uploads\/2026\/02\/Finalista-do-Architizer-Vision-Awards-2025-1-683x1024.png\" alt=\"Finalista do Architizer Vision Awards 2025\" title=\"Finalista do Architizer Vision Awards 2025\" itemprop=\"image\"\/>\n\t\t\t\t<p>Jos\u00e9 Marinho is the founder and CEO of KAMPF Engenharia e Arquitetura, a firm dedicated to the design and execution of high-complexity architectural projects. By integrating visionary design with advanced engineering, Marinho delivers turnkey solutions that bridge the gap between concept and construction.<\/p>\n<p>His practice focuses on Public Health Infrastructure, Industrial Facilities, and Interior Design. He is the lead architect of the Rio de Janeiro Zoonosis Control Center, a national benchmark in public health focused on the prevention and control of zoonotic diseases. This project received institutional acclaim from the Ministry of Health and currently serves as the technical model for zoonosis units across Brazil.<\/p>\n<p>Specialist in metal structures and high-end residences, Jos\u00e9 Marinho applies the Design-Build model: he carries out each project with his own team, ensuring strict quality control, meeting deadlines, and total transparency for the client.<\/p>\n\t\t<h5>kampf.arq@gmail.com<\/h5>\t\t\t\n\t\t<h5>+55 21 99855-9943<\/h5>\t\t\t\n\t<a href=\"https:\/\/wa.me\/5521998559943\/?text=Oi%2C%20preciso%20de%20ajuda%20para%20contrata%C3%A7%C3%A3o%20de%20arquiteto.%20Por%20Favor%2C%20podemos%20fazer%20um%20or%C3%A7amento%20%3F%20\" target=\"_blank\" rel=\"noopener\" aria-label=\"Go to https:\/\/wa.me\/5521998559943\/?text=Oi%2C%20preciso%20de%20ajuda%20para%20contrata%C3%A7%C3%A3o%20de%20arquiteto.%20Por%20Favor%2C%20podemos%20fazer%20um%20or%C3%A7amento%20%3F%20\"><\/a>\n\t\t<h5>BUDGET \/ OR\u00c7AMENTO<\/h5><h2>+55 21 99855-9943 <\/h2>","protected":false},"excerpt":{"rendered":"<p>PROJETOS\u00a0 \u00a0 \u00a0\u00a0 SOBRE\u00a0 \u00a0 \u00a0 \u00a0CONTATO &nbsp; Jos\u00e9 Marinho | Arquiteto Finalista Internacional Architizer A+Awards (Vision Category) Arquiteto Registrado Buildner Jos\u00e9 Marinho \u00e9 arquiteto e CEO da [&hellip;]<\/p>\n","protected":false},"author":2,"featured_media":0,"parent":0,"menu_order":0,"comment_status":"closed","ping_status":"closed","template":"","meta":{"site-sidebar-layout":"no-sidebar","site-content-layout":"page-builder","ast-site-content-layout":"full-width-container","site-content-style":"unboxed","site-sidebar-style":"unboxed","ast-global-header-display":"","ast-banner-title-visibility":"","ast-main-header-display":"disabled","ast-hfb-above-header-display":"","ast-hfb-below-header-display":"","ast-hfb-mobile-header-display":"disabled","site-post-title":"disabled","ast-breadcrumbs-content":"","ast-featured-img":"disabled","footer-sml-layout":"disabled","ast-disable-related-posts":"","theme-transparent-header-meta":"disabled","adv-header-id-meta":"","stick-header-meta":"default","header-above-stick-meta":"","header-main-stick-meta":"","header-below-stick-meta":"","astra-migrate-meta-layouts":"set","ast-page-background-enabled":"default","ast-page-background-meta":{"desktop":{"background-color":"","background-image":"","background-repeat":"repeat","background-position":"center center","background-size":"auto","background-attachment":"scroll","background-type":"","background-media":"","overlay-type":"","overlay-color":"","overlay-opacity":"","overlay-gradient":""},"tablet":{"background-color":"","background-image":"","background-repeat":"repeat","background-position":"center center","background-size":"auto","background-attachment":"scroll","background-type":"","background-media":"","overlay-type":"","overlay-color":"","overlay-opacity":"","overlay-gradient":""},"mobile":{"background-color":"","background-image":"","background-repeat":"repeat","background-position":"center center","background-size":"auto","background-attachment":"scroll","background-type":"","background-media":"","overlay-type":"","overlay-color":"","overlay-opacity":"","overlay-gradient":""}},"ast-content-background-meta":{"desktop":{"background-color":"var(--ast-global-color-5)","background-image":"","background-repeat":"repeat","background-position":"center center","background-size":"auto","background-attachment":"scroll","background-type":"","background-media":"","overlay-type":"","overlay-color":"","overlay-opacity":"","overlay-gradient":""},"tablet":{"background-color":"var(--ast-global-color-5)","background-image":"","background-repeat":"repeat","background-position":"center center","background-size":"auto","background-attachment":"scroll","background-type":"","background-media":"","overlay-type":"","overlay-color":"","overlay-opacity":"","overlay-gradient":""},"mobile":{"background-color":"var(--ast-global-color-5)","background-image":"","background-repeat":"repeat","background-position":"center center","background-size":"auto","background-attachment":"scroll","background-type":"","background-media":"","overlay-type":"","overlay-color":"","overlay-opacity":"","overlay-gradient":""}},"footnotes":""},"class_list":["post-3274","page","type-page","status-publish","hentry"],"yoast_head":"<!-- This site is optimized with the Yoast SEO plugin v27.4 - https:\/\/yoast.com\/product\/yoast-seo-wordpress\/ -->\n<title>Melhor Escrit\u00f3rio de Arquitetura Para Projetos e Obras: Kampf Arquitetura<\/title>\n<meta name=\"description\" content=\"Projetos Arquitet\u00f4nicos Lindos. Gest\u00e3o de Obra Sem Transtorno. Servi\u00e7os de Arquitetura, Reformas, Constru\u00e7\u00f5es, Design de Interiores, Dicas\" \/>\n<meta name=\"robots\" content=\"index, follow, max-snippet:-1, max-image-preview:large, max-video-preview:-1\" \/>\n<link rel=\"canonical\" href=\"https:\/\/kampfarquitetura.com.br\/en\/\" \/>\n<meta property=\"og:locale\" content=\"en_US\" \/>\n<meta property=\"og:type\" content=\"article\" \/>\n<meta property=\"og:title\" content=\"Melhor Escrit\u00f3rio de Arquitetura Para Projetos e Obras: Kampf Arquitetura\" \/>\n<meta property=\"og:description\" content=\"Projetos Arquitet\u00f4nicos Lindos. Gest\u00e3o de Obra Sem Transtorno. Servi\u00e7os de Arquitetura, Reformas, Constru\u00e7\u00f5es, Design de Interiores, Dicas\" \/>\n<meta property=\"og:url\" content=\"https:\/\/kampfarquitetura.com.br\/en\/\" \/>\n<meta property=\"og:site_name\" content=\"Kampf Arquitetura\" \/>\n<meta property=\"article:publisher\" content=\"https:\/\/www.facebook.com\/marinho.kampf\" \/>\n<meta property=\"article:modified_time\" content=\"2026-03-30T15:13:18+00:00\" \/>\n<meta property=\"og:image\" content=\"https:\/\/kampfarquitetura.com.br\/wp-content\/uploads\/2023\/05\/Arquitetura-Kampf-Porjtos-Arquiteto-Logo.png\" \/>\n<meta name=\"twitter:card\" content=\"summary_large_image\" \/>\n<meta name=\"twitter:label1\" content=\"Est. reading time\" \/>\n\t<meta name=\"twitter:data1\" content=\"2 minutes\" \/>\n<script type=\"application\/ld+json\" class=\"yoast-schema-graph\">{\"@context\":\"https:\\\/\\\/schema.org\",\"@graph\":[{\"@type\":\"WebPage\",\"@id\":\"https:\\\/\\\/kampfarquitetura.com.br\\\/\",\"url\":\"https:\\\/\\\/kampfarquitetura.com.br\\\/\",\"name\":\"Melhor Escrit\u00f3rio de Arquitetura Para Projetos e Obras: Kampf Arquitetura\",\"isPartOf\":{\"@id\":\"https:\\\/\\\/kampfarquitetura.com.br\\\/#website\"},\"primaryImageOfPage\":{\"@id\":\"https:\\\/\\\/kampfarquitetura.com.br\\\/#primaryimage\"},\"image\":{\"@id\":\"https:\\\/\\\/kampfarquitetura.com.br\\\/#primaryimage\"},\"thumbnailUrl\":\"https:\\\/\\\/kampfarquitetura.com.br\\\/wp-content\\\/uploads\\\/2023\\\/05\\\/Arquitetura-Kampf-Porjtos-Arquiteto-Logo.png\",\"datePublished\":\"2026-03-09T22:01:15+00:00\",\"dateModified\":\"2026-03-30T15:13:18+00:00\",\"description\":\"Projetos Arquitet\u00f4nicos Lindos. Gest\u00e3o de Obra Sem Transtorno. Servi\u00e7os de Arquitetura, Reformas, Constru\u00e7\u00f5es, Design de Interiores, Dicas\",\"breadcrumb\":{\"@id\":\"https:\\\/\\\/kampfarquitetura.com.br\\\/#breadcrumb\"},\"inLanguage\":\"en-US\",\"potentialAction\":[{\"@type\":\"ReadAction\",\"target\":[\"https:\\\/\\\/kampfarquitetura.com.br\\\/\"]}]},{\"@type\":\"ImageObject\",\"inLanguage\":\"en-US\",\"@id\":\"https:\\\/\\\/kampfarquitetura.com.br\\\/#primaryimage\",\"url\":\"https:\\\/\\\/kampfarquitetura.com.br\\\/wp-content\\\/uploads\\\/2023\\\/05\\\/Arquitetura-Kampf-Porjtos-Arquiteto-Logo.png\",\"contentUrl\":\"https:\\\/\\\/kampfarquitetura.com.br\\\/wp-content\\\/uploads\\\/2023\\\/05\\\/Arquitetura-Kampf-Porjtos-Arquiteto-Logo.png\"},{\"@type\":\"BreadcrumbList\",\"@id\":\"https:\\\/\\\/kampfarquitetura.com.br\\\/#breadcrumb\",\"itemListElement\":[{\"@type\":\"ListItem\",\"position\":1,\"name\":\"In\u00edcio\",\"item\":\"https:\\\/\\\/kampfarquitetura.com.br\\\/\"},{\"@type\":\"ListItem\",\"position\":2,\"name\":\"P\u00e1gina Abertura\"}]},{\"@type\":\"WebSite\",\"@id\":\"https:\\\/\\\/kampfarquitetura.com.br\\\/#website\",\"url\":\"https:\\\/\\\/kampfarquitetura.com.br\\\/\",\"name\":\"Kampf Arquitetura - Projetos Arquitet\u00f4nicos e Gest\u00e3o de Obras\",\"description\":\"Projetos Arquitet\u00f4nicos e Servi\u00e7os de Arquitetura do Arquiteto Jos\u00e9 Marinho\",\"publisher\":{\"@id\":\"https:\\\/\\\/kampfarquitetura.com.br\\\/#organization\"},\"alternateName\":\"Kampf Arquitetura\",\"potentialAction\":[{\"@type\":\"SearchAction\",\"target\":{\"@type\":\"EntryPoint\",\"urlTemplate\":\"https:\\\/\\\/kampfarquitetura.com.br\\\/?s={search_term_string}\"},\"query-input\":{\"@type\":\"PropertyValueSpecification\",\"valueRequired\":true,\"valueName\":\"search_term_string\"}}],\"inLanguage\":\"en-US\"},{\"@type\":\"Organization\",\"@id\":\"https:\\\/\\\/kampfarquitetura.com.br\\\/#organization\",\"name\":\"Kampf Engenharia & Arquitetura. Projetos de Arquitetura e Gerenciamento de Projetos\",\"alternateName\":\"Kampf Arquitetura\",\"url\":\"https:\\\/\\\/kampfarquitetura.com.br\\\/\",\"logo\":{\"@type\":\"ImageObject\",\"inLanguage\":\"en-US\",\"@id\":\"https:\\\/\\\/kampfarquitetura.com.br\\\/#\\\/schema\\\/logo\\\/image\\\/\",\"url\":\"https:\\\/\\\/kampfarquitetura.com.br\\\/wp-content\\\/uploads\\\/2023\\\/05\\\/AF1QipMXGKMusDt8dIANCCCEMQqyzAOKW9gaZeQJfs3Qw1542-h576.png\",\"contentUrl\":\"https:\\\/\\\/kampfarquitetura.com.br\\\/wp-content\\\/uploads\\\/2023\\\/05\\\/AF1QipMXGKMusDt8dIANCCCEMQqyzAOKW9gaZeQJfs3Qw1542-h576.png\",\"width\":1280,\"height\":447,\"caption\":\"Kampf Engenharia & Arquitetura. Projetos de Arquitetura e Gerenciamento de Projetos\"},\"image\":{\"@id\":\"https:\\\/\\\/kampfarquitetura.com.br\\\/#\\\/schema\\\/logo\\\/image\\\/\"},\"sameAs\":[\"https:\\\/\\\/www.facebook.com\\\/marinho.kampf\",\"https:\\\/\\\/www.instagram.com\\\/josemarinhorocha\\\/\"]}]}<\/script>\n<!-- \/ Yoast SEO plugin. -->","yoast_head_json":{"title":"Melhor Escrit\u00f3rio de Arquitetura Para Projetos e Obras: Kampf Arquitetura","description":"Projetos Arquitet\u00f4nicos Lindos. Gest\u00e3o de Obra Sem Transtorno. Servi\u00e7os de Arquitetura, Reformas, Constru\u00e7\u00f5es, Design de Interiores, Dicas","robots":{"index":"index","follow":"follow","max-snippet":"max-snippet:-1","max-image-preview":"max-image-preview:large","max-video-preview":"max-video-preview:-1"},"canonical":"https:\/\/kampfarquitetura.com.br\/en\/","og_locale":"en_US","og_type":"article","og_title":"Melhor Escrit\u00f3rio de Arquitetura Para Projetos e Obras: Kampf Arquitetura","og_description":"Projetos Arquitet\u00f4nicos Lindos. Gest\u00e3o de Obra Sem Transtorno. Servi\u00e7os de Arquitetura, Reformas, Constru\u00e7\u00f5es, Design de Interiores, Dicas","og_url":"https:\/\/kampfarquitetura.com.br\/en\/","og_site_name":"Kampf Arquitetura","article_publisher":"https:\/\/www.facebook.com\/marinho.kampf","article_modified_time":"2026-03-30T15:13:18+00:00","og_image":[{"url":"https:\/\/kampfarquitetura.com.br\/wp-content\/uploads\/2023\/05\/Arquitetura-Kampf-Porjtos-Arquiteto-Logo.png","type":"","width":"","height":""}],"twitter_card":"summary_large_image","twitter_misc":{"Est. reading time":"2 minutes"},"schema":{"@context":"https:\/\/schema.org","@graph":[{"@type":"WebPage","@id":"https:\/\/kampfarquitetura.com.br\/","url":"https:\/\/kampfarquitetura.com.br\/","name":"Melhor Escrit\u00f3rio de Arquitetura Para Projetos e Obras: Kampf Arquitetura","isPartOf":{"@id":"https:\/\/kampfarquitetura.com.br\/#website"},"primaryImageOfPage":{"@id":"https:\/\/kampfarquitetura.com.br\/#primaryimage"},"image":{"@id":"https:\/\/kampfarquitetura.com.br\/#primaryimage"},"thumbnailUrl":"https:\/\/kampfarquitetura.com.br\/wp-content\/uploads\/2023\/05\/Arquitetura-Kampf-Porjtos-Arquiteto-Logo.png","datePublished":"2026-03-09T22:01:15+00:00","dateModified":"2026-03-30T15:13:18+00:00","description":"Projetos Arquitet\u00f4nicos Lindos. Gest\u00e3o de Obra Sem Transtorno. Servi\u00e7os de Arquitetura, Reformas, Constru\u00e7\u00f5es, Design de Interiores, Dicas","breadcrumb":{"@id":"https:\/\/kampfarquitetura.com.br\/#breadcrumb"},"inLanguage":"en-US","potentialAction":[{"@type":"ReadAction","target":["https:\/\/kampfarquitetura.com.br\/"]}]},{"@type":"ImageObject","inLanguage":"en-US","@id":"https:\/\/kampfarquitetura.com.br\/#primaryimage","url":"https:\/\/kampfarquitetura.com.br\/wp-content\/uploads\/2023\/05\/Arquitetura-Kampf-Porjtos-Arquiteto-Logo.png","contentUrl":"https:\/\/kampfarquitetura.com.br\/wp-content\/uploads\/2023\/05\/Arquitetura-Kampf-Porjtos-Arquiteto-Logo.png"},{"@type":"BreadcrumbList","@id":"https:\/\/kampfarquitetura.com.br\/#breadcrumb","itemListElement":[{"@type":"ListItem","position":1,"name":"In\u00edcio","item":"https:\/\/kampfarquitetura.com.br\/"},{"@type":"ListItem","position":2,"name":"P\u00e1gina Abertura"}]},{"@type":"WebSite","@id":"https:\/\/kampfarquitetura.com.br\/#website","url":"https:\/\/kampfarquitetura.com.br\/","name":"Kampf Arquitetura - Projetos Arquitet\u00f4nicos e Gest\u00e3o de Obras","description":"Projetos Arquitet\u00f4nicos e Servi\u00e7os de Arquitetura do Arquiteto Jos\u00e9 Marinho","publisher":{"@id":"https:\/\/kampfarquitetura.com.br\/#organization"},"alternateName":"Kampf Arquitetura","potentialAction":[{"@type":"SearchAction","target":{"@type":"EntryPoint","urlTemplate":"https:\/\/kampfarquitetura.com.br\/?s={search_term_string}"},"query-input":{"@type":"PropertyValueSpecification","valueRequired":true,"valueName":"search_term_string"}}],"inLanguage":"en-US"},{"@type":"Organization","@id":"https:\/\/kampfarquitetura.com.br\/#organization","name":"Kampf Engenharia & Arquitetura. Projetos de Arquitetura e Gerenciamento de Projetos","alternateName":"Kampf Arquitetura","url":"https:\/\/kampfarquitetura.com.br\/","logo":{"@type":"ImageObject","inLanguage":"en-US","@id":"https:\/\/kampfarquitetura.com.br\/#\/schema\/logo\/image\/","url":"https:\/\/kampfarquitetura.com.br\/wp-content\/uploads\/2023\/05\/AF1QipMXGKMusDt8dIANCCCEMQqyzAOKW9gaZeQJfs3Qw1542-h576.png","contentUrl":"https:\/\/kampfarquitetura.com.br\/wp-content\/uploads\/2023\/05\/AF1QipMXGKMusDt8dIANCCCEMQqyzAOKW9gaZeQJfs3Qw1542-h576.png","width":1280,"height":447,"caption":"Kampf Engenharia & Arquitetura. Projetos de Arquitetura e Gerenciamento de Projetos"},"image":{"@id":"https:\/\/kampfarquitetura.com.br\/#\/schema\/logo\/image\/"},"sameAs":["https:\/\/www.facebook.com\/marinho.kampf","https:\/\/www.instagram.com\/josemarinhorocha\/"]}]}},"_links":{"self":[{"href":"https:\/\/kampfarquitetura.com.br\/en\/wp-json\/wp\/v2\/pages\/3274","targetHints":{"allow":["GET"]}}],"collection":[{"href":"https:\/\/kampfarquitetura.com.br\/en\/wp-json\/wp\/v2\/pages"}],"about":[{"href":"https:\/\/kampfarquitetura.com.br\/en\/wp-json\/wp\/v2\/types\/page"}],"author":[{"embeddable":true,"href":"https:\/\/kampfarquitetura.com.br\/en\/wp-json\/wp\/v2\/users\/2"}],"replies":[{"embeddable":true,"href":"https:\/\/kampfarquitetura.com.br\/en\/wp-json\/wp\/v2\/comments?post=3274"}],"version-history":[{"count":5,"href":"https:\/\/kampfarquitetura.com.br\/en\/wp-json\/wp\/v2\/pages\/3274\/revisions"}],"predecessor-version":[{"id":3478,"href":"https:\/\/kampfarquitetura.com.br\/en\/wp-json\/wp\/v2\/pages\/3274\/revisions\/3478"}],"wp:attachment":[{"href":"https:\/\/kampfarquitetura.com.br\/en\/wp-json\/wp\/v2\/media?parent=3274"}],"curies":[{"name":"wp","href":"https:\/\/api.w.org\/{rel}","templated":true}]}}